{"id":1386,"date":"2025-10-23T23:51:43","date_gmt":"2025-10-23T21:51:43","guid":{"rendered":"https:\/\/www.dworecki.pl\/produkt\/parowki-bez-e\/"},"modified":"2025-10-23T23:51:43","modified_gmt":"2025-10-23T21:51:43","slug":"parowki-bez-e","status":"publish","type":"product","link":"https:\/\/www.dworecki.pl\/en\/product\/parowki-bez-e\/","title":{"rendered":"E-free\u201e sausages\u201d"},"content":{"rendered":"<p>- grammage: approx. 0.5 kg<br \/>\n- packaging: Map*<br \/>\n- no additives bearing the symbol E have been used in the production<\/p>","protected":false},"excerpt":{"rendered":"<p>&#8211; gramatura: ok 0,5 kg &#8211; opakowanie: Map* &#8211; w produkcji nie u\u017cyto dodatk\u00f3w posiadaj\u0105cych symbol E<\/p>","protected":false},"featured_media":1385,"template":"","meta":[],"product_brand":[],"product_cat":[26],"product_tag":[47],"class_list":{"0":"post-1386","1":"product","2":"type-product","3":"status-publish","4":"has-post-thumbnail","6":"product_cat-kielbasy-cienkie","7":"product_tag-dostepne-tylko-lokalnie","9":"first","10":"instock","11":"taxable","12":"shipping-taxable","13":"product-type-simple"},"_links":{"self":[{"href":"https:\/\/www.dworecki.pl\/en\/wp-json\/wp\/v2\/product\/1386","targetHints":{"allow":["GET"]}}],"collection":[{"href":"https:\/\/www.dworecki.pl\/en\/wp-json\/wp\/v2\/product"}],"about":[{"href":"https:\/\/www.dworecki.pl\/en\/wp-json\/wp\/v2\/types\/product"}],"wp:featuredmedia":[{"embeddable":true,"href":"https:\/\/www.dworecki.pl\/en\/wp-json\/wp\/v2\/media\/1385"}],"wp:attachment":[{"href":"https:\/\/www.dworecki.pl\/en\/wp-json\/wp\/v2\/media?parent=1386"}],"wp:term":[{"taxonomy":"product_brand","embeddable":true,"href":"https:\/\/www.dworecki.pl\/en\/wp-json\/wp\/v2\/product_brand?post=1386"},{"taxonomy":"product_cat","embeddable":true,"href":"https:\/\/www.dworecki.pl\/en\/wp-json\/wp\/v2\/product_cat?post=1386"},{"taxonomy":"product_tag","embeddable":true,"href":"https:\/\/www.dworecki.pl\/en\/wp-json\/wp\/v2\/product_tag?post=1386"}],"curies":[{"name":"wp","href":"https:\/\/api.w.org\/{rel}","templated":true}]}}