{"id":528,"date":"2025-09-03T18:57:09","date_gmt":"2025-09-03T16:57:09","guid":{"rendered":"https:\/\/www.dworecki.pl\/?page_id=528"},"modified":"2025-11-05T01:10:57","modified_gmt":"2025-11-05T00:10:57","slug":"koszyk","status":"publish","type":"page","link":"https:\/\/www.dworecki.pl\/en\/koszyk\/","title":{"rendered":"Basket"},"content":{"rendered":"<style>.elementor-528 .elementor-element.elementor-element-10ac850{--display:flex;}.elementor-528 .elementor-element.elementor-element-f1158e9{--update-cart-automatically-display:none;--sections-border-type:solid;--links-normal-color:var( --e-global-color-primary );--links-hover-color:var( --e-global-color-secondary );--forms-fields-border-radius:5px 5px 5px 5px;--forms-buttons-normal-text-color:#FFFFFF;--forms-buttons-border-type:none;--forms-buttons-border-radius:5px 5px 5px 5px;--order-summary-remove-icon-normal-color:#646464;--order-summary-remove-icon-hover-color:#C00000;}.elementor-528 .elementor-element.elementor-element-f1158e9 .shop_table .button{background-color:var( --e-global-color-primary );}.elementor-528 .elementor-element.elementor-element-f1158e9 .woocommerce .wc-proceed-to-checkout .checkout-button{background-color:var( --e-global-color-primary );}.elementor-528 .elementor-element.elementor-element-f1158e9 .woocommerce .wc-proceed-to-checkout .checkout-button:hover{background-color:var( --e-global-color-secondary );}.elementor-528 .elementor-element.elementor-element-f1158e9 .e-cart-section{border-width:1px 1px 1px 1px;}\/* Start custom CSS for container, class: .elementor-element-10ac850 *\/.elementor-528 .elementor-element.elementor-element-10ac850 .shipping-calculator-button {\n    display: none;\n}\/* End custom CSS *\/<\/style>\t\t<div data-elementor-type=\"wp-page\" data-elementor-id=\"528\" class=\"elementor elementor-528\" data-elementor-post-type=\"page\">\n\t\t\t\t<div class=\"elementor-element elementor-element-10ac850 e-flex e-con-boxed e-con e-parent\" data-id=\"10ac850\" data-element_type=\"container\">\n\t\t\t\t\t<div class=\"e-con-inner\">\n\t\t\t\t\t<\/div>\n\t\t\t\t<\/div>\n\t\t\t\t<\/div>","protected":false},"excerpt":{"rendered":"<p>Usu\u0144 Miniatura Produkt Cena Ilo\u015b\u0107 Kwota &times; Kabanos drobiowy 9,99&nbsp;&#122;&#322; ilo\u015b\u0107 Kabanos drobiowy 9,99&nbsp;&#122;&#322; Podsumowanie Kwota 9,99&nbsp;&#122;&#322; Wysy\u0142ka Free shipping Wysy\u0142ka do: de, 67-400 222. Zmie\u0144 adres Kraj \/ region Wybierz kraj\/region&hellip;Polska Miejscowo\u015b\u0107: Kod pocztowy: Zaktualizuj \u0141\u0105cznie 9,99&nbsp;&#122;&#322; Przejd\u017a do zam\u00f3wienia<\/p>","protected":false},"author":1,"featured_media":0,"parent":0,"menu_order":0,"comment_status":"closed","ping_status":"closed","template":"","meta":{"footnotes":""},"class_list":["post-528","page","type-page","status-publish","hentry"],"_links":{"self":[{"href":"https:\/\/www.dworecki.pl\/en\/wp-json\/wp\/v2\/pages\/528","targetHints":{"allow":["GET"]}}],"collection":[{"href":"https:\/\/www.dworecki.pl\/en\/wp-json\/wp\/v2\/pages"}],"about":[{"href":"https:\/\/www.dworecki.pl\/en\/wp-json\/wp\/v2\/types\/page"}],"author":[{"embeddable":true,"href":"https:\/\/www.dworecki.pl\/en\/wp-json\/wp\/v2\/users\/1"}],"replies":[{"embeddable":true,"href":"https:\/\/www.dworecki.pl\/en\/wp-json\/wp\/v2\/comments?post=528"}],"version-history":[{"count":20,"href":"https:\/\/www.dworecki.pl\/en\/wp-json\/wp\/v2\/pages\/528\/revisions"}],"predecessor-version":[{"id":851,"href":"https:\/\/www.dworecki.pl\/en\/wp-json\/wp\/v2\/pages\/528\/revisions\/851"}],"wp:attachment":[{"href":"https:\/\/www.dworecki.pl\/en\/wp-json\/wp\/v2\/media?parent=528"}],"curies":[{"name":"wp","href":"https:\/\/api.w.org\/{rel}","templated":true}]}}